{"id":184,"date":"2022-02-21T16:47:08","date_gmt":"2022-02-21T15:47:08","guid":{"rendered":"https:\/\/www.effectiveyellow.com\/?page_id=184"},"modified":"2023-10-21T16:58:52","modified_gmt":"2023-10-21T14:58:52","slug":"mentions-legales","status":"publish","type":"page","link":"https:\/\/www.effectiveyellow.com\/en\/mentions-legales\/","title":{"rendered":"Legal informations"},"content":{"rendered":"<div data-elementor-type=\"wp-page\" data-elementor-id=\"184\" class=\"elementor elementor-184\">\n\t\t\t\t\t\t<section class=\"elementor-section elementor-top-section elementor-element elementor-element-ef2ed85 elementor-section-boxed elementor-section-height-default elementor-section-height-default wpr-particle-no wpr-jarallax-no wpr-parallax-no wpr-sticky-section-no wpr-equal-height-no\" data-id=\"ef2ed85\" data-element_type=\"section\" data-e-type=\"section\" data-settings=\"{&quot;background_background&quot;:&quot;classic&quot;,&quot;shape_divider_bottom&quot;:&quot;triangle-asymmetrical&quot;,&quot;shape_divider_bottom_negative&quot;:&quot;yes&quot;}\">\n\t\t\t\t\t<div class=\"elementor-shape elementor-shape-bottom\" aria-hidden=\"true\" data-negative=\"true\">\n\t\t\t<svg xmlns=\"http:\/\/www.w3.org\/2000\/svg\" viewbox=\"0 0 1000 100\" preserveaspectratio=\"none\">\n\t<path class=\"elementor-shape-fill\" d=\"M737.9,94.7L0,0v100h1000V0L737.9,94.7z\"\/>\n<\/svg>\t\t<\/div>\n\t\t\t\t\t<div class=\"elementor-container elementor-column-gap-default\">\n\t\t\t\t\t<div class=\"elementor-column elementor-col-100 elementor-top-column elementor-element elementor-element-e32f7f2\" data-id=\"e32f7f2\" data-element_type=\"column\" data-e-type=\"column\">\n\t\t\t<div class=\"elementor-widget-wrap elementor-element-populated\">\n\t\t\t\t\t\t<div class=\"elementor-element elementor-element-a187848 elementor-widget elementor-widget-heading\" data-id=\"a187848\" data-element_type=\"widget\" data-e-type=\"widget\" data-widget_type=\"heading.default\">\n\t\t\t\t<div class=\"elementor-widget-container\">\n\t\t\t\t\t<h2 class=\"elementor-heading-title elementor-size-default\">Legal informations<\/h2>\t\t\t\t<\/div>\n\t\t\t\t<\/div>\n\t\t\t\t<div class=\"elementor-element elementor-element-886d11c elementor-widget-divider--view-line elementor-widget elementor-widget-divider\" data-id=\"886d11c\" data-element_type=\"widget\" data-e-type=\"widget\" data-widget_type=\"divider.default\">\n\t\t\t\t<div class=\"elementor-widget-container\">\n\t\t\t\t\t\t\t<div class=\"elementor-divider\">\n\t\t\t<span class=\"elementor-divider-separator\">\n\t\t\t\t\t\t<\/span>\n\t\t<\/div>\n\t\t\t\t\t\t<\/div>\n\t\t\t\t<\/div>\n\t\t\t\t<div class=\"elementor-element elementor-element-0c1465a elementor-widget elementor-widget-text-editor\" data-id=\"0c1465a\" data-element_type=\"widget\" data-e-type=\"widget\" data-widget_type=\"text-editor.default\">\n\t\t\t\t<div class=\"elementor-widget-container\">\n\t\t\t\t\t\t\t\t\t<p>Effective Yellow Cybersecurity, Serenity and Lucidity for Managers.<br \/>Gouvernance and Management.<\/p>\t\t\t\t\t\t\t\t<\/div>\n\t\t\t\t<\/div>\n\t\t\t\t\t<\/div>\n\t\t<\/div>\n\t\t\t\t\t<\/div>\n\t\t<\/section>\n\t\t\t\t<section class=\"elementor-section elementor-top-section elementor-element elementor-element-04396ce elementor-section-boxed elementor-section-height-default elementor-section-height-default wpr-particle-no wpr-jarallax-no wpr-parallax-no wpr-sticky-section-no wpr-equal-height-no\" data-id=\"04396ce\" data-element_type=\"section\" data-e-type=\"section\">\n\t\t\t\t\t\t<div class=\"elementor-container elementor-column-gap-default\">\n\t\t\t\t\t<div class=\"elementor-column elementor-col-100 elementor-top-column elementor-element elementor-element-84f6041\" data-id=\"84f6041\" data-element_type=\"column\" data-e-type=\"column\">\n\t\t\t<div class=\"elementor-widget-wrap elementor-element-populated\">\n\t\t\t\t\t\t<div class=\"elementor-element elementor-element-40cee2a elementor-widget elementor-widget-text-editor\" data-id=\"40cee2a\" data-element_type=\"widget\" data-e-type=\"widget\" data-widget_type=\"text-editor.default\">\n\t\t\t\t<div class=\"elementor-widget-container\">\n\t\t\t\t\t\t\t\t\t<p>Effective Yellow SAS (RCS : Marseille B 803 848 001 &#8211; SIREN : 803848001 ; Si\u00e8ge Social au 10 Place de la Joliette 13002 Marseille \u2013 T\u00e9l. 04 91 13 45 61 \u2013 Directeur de la publication : Frederic VILANOVA) &#8211; H\u00e9bergement :\u00a0<span style=\"background-color: var( --e-global-color-9e2482c ); font-size: 1rem; letter-spacing: var( --e-global-typography-primary-letter-spacing );\">ITIKA-GROUPE (<\/span><span style=\"background-color: var( --e-global-color-9e2482c ); font-size: 1rem; letter-spacing: var( --e-global-typography-primary-letter-spacing );\">SIRET: 532 137 452 00027\u00a0 NAF: 6202A\u00a0 R.C.S. MARSEILLE)<\/span><\/p><p>Ce site internet a pour objectif de proposer des informations professionnelles et de faciliter la communication de l&rsquo;entreprise Effective Yellow.<\/p><p>Vous pouvez parcourir le site \u00e0 votre guise. Vous \u00eates autoris\u00e9 \u00e0 recopier les donn\u00e9es fournies sur le site <u>seulement en vue d\u2019une utilisation personnelle non commerciale, sous r\u00e9serve de conserver toutes les mentions relatives aux droits de reproduction et de propri\u00e9t\u00e9 intellectuelle qui y figurent.<\/u><\/p><p>I<u>l est en revanche interdit de<\/u> distribuer, modifier, transmettre, r\u00e9utiliser, r\u00e9-adresser ou utiliser pour un usage public ou commercial les informations du site, comprenant les textes, les images fixes et anim\u00e9es, les animations ou les bandes-son, sans l\u2019accord \u00e9crit de Effective Yellow SAS.<\/p><p>Access to and use of the Site is also subject to the following conditions (the \u00abGeneral Conditions\u00bb) and compliance with all applicable laws. The fact of accessing the site and browsing it implies the unconditional acceptance of the General Conditions below, and the recognition of their preponderance over any other agreement binding the user and Effective Yellow SAS.<\/p>\t\t\t\t\t\t\t\t<\/div>\n\t\t\t\t<\/div>\n\t\t\t\t<div class=\"elementor-element elementor-element-14c7fea elementor-widget elementor-widget-heading\" data-id=\"14c7fea\" data-element_type=\"widget\" data-e-type=\"widget\" data-widget_type=\"heading.default\">\n\t\t\t\t<div class=\"elementor-widget-container\">\n\t\t\t\t\t<h2 class=\"elementor-heading-title elementor-size-default\">Terms and conditions<\/h2>\t\t\t\t<\/div>\n\t\t\t\t<\/div>\n\t\t\t\t<div class=\"elementor-element elementor-element-16e4564 elementor-widget elementor-widget-text-editor\" data-id=\"16e4564\" data-element_type=\"widget\" data-e-type=\"widget\" data-widget_type=\"text-editor.default\">\n\t\t\t\t<div class=\"elementor-widget-container\">\n\t\t\t\t\t\t\t\t\t<p>All the information contained in the site is covered by copyright, intellectual and artistic property, unless expressly stated otherwise, and may only be used without the written consent of Effective Yellow SAS in accordance with the General Conditions or the specific indications presented in the text of the site. Effective Yellow SAS does not guarantee in any way that the use of the website data may not constitute a violation of the rights of certain third parties. Effective Yellow SAS will endeavour to present on the site only accurate and updated information; however, no guarantee is made in this regard by Effective Yellow SAS, who cannot be held responsible for any error or omission whatsoever affecting the content of the site.<\/p><p>Any communication or information transmitted by the user to the site, whether by email or otherwise, containing data, comments or suggestions will be considered non-confidential and not covered by any proprietary rights. Any element transmitted or addressed may therefore be used by Effective Yellow SAS for all purposes, including in particular reproduction, disclosure, transmission, publication and distribution. In addition, Effective Yellow SAS may freely exploit any idea, concept, know-how or technique included in the communications sent to the site by a user, for all purposes including development, the manufacture and marketing of products using the information concerned.<\/p><p>Images of people or places reproduced on the site are used with their permission or that of the rights holder or holders.<\/p><p>The use of these images by the user, or any other person, is prohibited subject to the express contrary stipulation contained in these General Conditions or in the text of the site. Any unauthorized use of these images may constitute a violation of the laws and regulations applicable to intellectual and artistic property and copyright, trademarks, privacy, advertising and communication.<\/p><p>The names Effective Yellow SAS and Effective Yellow, the logos, slogans and trademarks registered or not, represented on this site, are the exclusive property of Effective Yellow SAS (unless otherwise stated). Any use, reproduction and\/ or modification that would be made without the prior written consent of the company would be likely to constitute the infringement.<\/p><p>The trademarks, logos and distinctive signs (hereinafter collectively, the \u00abTrademarks\u00bb) presented on this site are Trademarks or not, belonging to Effective Yellow SAS and to other persons. Nothing contained in this site may be interpreted as the devolution, in any form whatsoever, of a license or any right to use one or more of the Trademarks without the written permission of its owner(s). Any use of the Trademarks, or any other information presented on the site, not expressly authorized by these Terms and Conditions, is strictly prohibited.<\/p><p>The presentation and content of this site together constitute a work protected by the laws in force on intellectual property, of which Effective Yellow SAS is the owner. No reproduction and\/or representation, partial or complete, may be made without the prior written consent of Effective Yellow SAS.<\/p>\t\t\t\t\t\t\t\t<\/div>\n\t\t\t\t<\/div>\n\t\t\t\t<div class=\"elementor-element elementor-element-8498f5f elementor-widget elementor-widget-heading\" data-id=\"8498f5f\" data-element_type=\"widget\" data-e-type=\"widget\" data-widget_type=\"heading.default\">\n\t\t\t\t<div class=\"elementor-widget-container\">\n\t\t\t\t\t<h2 class=\"elementor-heading-title elementor-size-default\">User commitment and terms of use<\/h2>\t\t\t\t<\/div>\n\t\t\t\t<\/div>\n\t\t\t\t<div class=\"elementor-element elementor-element-19e0303 elementor-widget elementor-widget-text-editor\" data-id=\"19e0303\" data-element_type=\"widget\" data-e-type=\"widget\" data-widget_type=\"text-editor.default\">\n\t\t\t\t<div class=\"elementor-widget-container\">\n\t\t\t\t\t\t\t\t\t<p>T<b>oute personne consultant ce site est r\u00e9put\u00e9e avoir accept\u00e9 sans r\u00e9serve les pr\u00e9sentes conditions.<\/b><\/p><p>Effective Yellow SAS warns that it will enforce its copyright, intellectual property and artistic rights, by all legal means at its disposal, including by legal means.<\/p><p>Effective Yellow SAS has not checked all the websites linked to this site and cannot be held responsible for their content. The user\u2019s access to the pages outside this site or any other site is under his sole responsibility.<\/p><p>Effective Yellow SAS makes every effort to offer users of this site information, information and tools available and compliant with the regulations. However, Effective Yellow cannot be held responsible for a lack of availability of the site or presents without its knowledge of a virus or other malicious program.<\/p><p>The software of this site may be subject to the application of French, American or other state laws and regulations relating to export regulations. It is the user\u2019s responsibility to verify the laws and regulations applicable to them before copying or exporting any data from this site.<\/p><p>Effective Yellow SAS reserves the right to modify and update these Terms and Conditions at any time. These modifications and updates are binding on the user, who must therefore regularly refer to this section to check the then current General Conditions to which he is subject.<\/p>\t\t\t\t\t\t\t\t<\/div>\n\t\t\t\t<\/div>\n\t\t\t\t<div class=\"elementor-element elementor-element-0f0857c elementor-widget elementor-widget-heading\" data-id=\"0f0857c\" data-element_type=\"widget\" data-e-type=\"widget\" data-widget_type=\"heading.default\">\n\t\t\t\t<div class=\"elementor-widget-container\">\n\t\t\t\t\t<h2 class=\"elementor-heading-title elementor-size-default\">Cookie policy<\/h2>\t\t\t\t<\/div>\n\t\t\t\t<\/div>\n\t\t\t\t<div class=\"elementor-element elementor-element-f2b1d6f elementor-widget elementor-widget-text-editor\" data-id=\"f2b1d6f\" data-element_type=\"widget\" data-e-type=\"widget\" data-widget_type=\"text-editor.default\">\n\t\t\t\t<div class=\"elementor-widget-container\">\n\t\t\t\t\t\t\t\t\t<p>Le site est susceptible d&rsquo;utiliser des cookies afin d\u2019am\u00e9liorer la navigation des utilisateurs.<\/p>\n<ul>\n<li>A cookie refers to a text file that the site stores on the users' hard drive or in the users' browser memory. By storing various technical data on the user\u2019s computer, cookies allow general control of public access to the site and\/ or customization of the pages displayed for future visits to the site.<\/li>\n<li>The cookies deposited by Effective Yellow allow the recording of standard information transmitted by the user\u2019s computer: IP address, operating system, browser, etc. This helps to monitor site activity, identify errors and ensure the site is as efficient as possible.<\/li>\n<li>The user is informed that this data does not identify him personally. To identify the owner of an IP address by name, the access provider must be questioned, which is only possible in the context of legal proceedings.<\/li>\n<li>The personal information collected automatically (pages viewed, number of bytes transferred, etc.) helps to facilitate the user\u2019s visit to this site.<\/li>\n<li>Some cookies are kept within the deadlines set by the CNIL for sales to customers and prospects. Advertising cookies, which allow to display advertisements closer to the interests of Users, have a lifespan of 60 days.<\/li>\n<li>Others are used in an aggregated, and therefore anonymous, way to allow the site to improve navigation ergonomics and to identify the interests of Internet users as a whole.<\/li>\n<li>The user can modify certain settings of his browser in order to refuse cookies or to be notified in case of a cookie saved on his computer.<\/li>\n<li>The user is fully aware that in case of changes in settings to block cookies he will no longer be able to benefit from all the features.<\/li>\n<li>The setting to accept or reject cookies is done from the user\u2019s browser, each browser having different configuration methods.<\/li>\n<li>It is also possible for the user to delete the cookies stored on his computer in order to permanently delete the information they contain.<\/li>\n<\/ul>\t\t\t\t\t\t\t\t<\/div>\n\t\t\t\t<\/div>\n\t\t\t\t\t<\/div>\n\t\t<\/div>\n\t\t\t\t\t<\/div>\n\t\t<\/section>\n\t\t\t\t<\/div>","protected":false},"excerpt":{"rendered":"<p>Mentions l\u00e9gales Effective Yellow Cybers\u00e9curit\u00e9, S\u00e9r\u00e9nit\u00e9 et Lucidit\u00e9 pour les Dirigeants.Gouvernance et Management. Effective Yellow SAS (RCS : Marseille B 803 848 001 &#8211; SIREN : 803848001 ; Si\u00e8ge Social au 10 Place de la Joliette 13002 Marseille \u2013 T\u00e9l. 04 91 13 45 61 \u2013 Directeur de la publication : Frederic VILANOVA) &#8211; H\u00e9bergement :\u00a0ITIKA-GROUPE (SIRET: 532 137 452 00027\u00a0 NAF: 6202A\u00a0 R.C.S. MARSEILLE) Ce site internet a pour objectif de proposer des informations professionnelles et de faciliter la communication de l&rsquo;entreprise Effective Yellow. Vous pouvez parcourir le site \u00e0 votre guise. Vous \u00eates autoris\u00e9 \u00e0 recopier les donn\u00e9es fournies sur le site seulement en vue d\u2019une utilisation personnelle non commerciale, sous r\u00e9serve de conserver toutes les mentions relatives aux droits de reproduction et de propri\u00e9t\u00e9 intellectuelle qui y figurent. Il est en revanche interdit de distribuer, modifier, transmettre, r\u00e9utiliser, r\u00e9-adresser ou utiliser pour un usage public ou commercial les informations du site, comprenant les textes, les images fixes et anim\u00e9es, les animations ou les bandes-son, sans l\u2019accord \u00e9crit de Effective Yellow SAS. L\u2019acc\u00e8s au site et son utilisation sont \u00e9galement soumis aux conditions suivantes (les \u00ab Conditions G\u00e9n\u00e9rales \u00bb) et au respect de toutes les lois applicables. Le fait d\u2019acc\u00e9der au site et de le parcourir implique l\u2019acceptation sans r\u00e9serves des Conditions G\u00e9n\u00e9rales ci-dessous, et la reconnaissance de leur pr\u00e9pond\u00e9rance sur tout autre accord liant l\u2019utilisateur et Effective Yellow SAS. Conditions g\u00e9n\u00e9rales L\u2019ensemble des informations contenues dans le site est couvert par les droits d\u2019auteur, de propri\u00e9t\u00e9 intellectuelle et artistique, sauf indication contraire expresse, et ne peut \u00eatre utilis\u00e9 sans l\u2019accord \u00e9crit de Effective Yellow SAS qu\u2019en conformit\u00e9 avec les Conditions G\u00e9n\u00e9rales ou les indications sp\u00e9cifiques pr\u00e9sent\u00e9es dans le texte du site. Effective Yellow SAS ne garantit d\u2019aucune fa\u00e7on que l\u2019utilisation des donn\u00e9es du site ne puisse constituer une violation des droits de certains tiers. Effective Yellow SAS s\u2019efforcera de ne pr\u00e9senter sur le site que des informations pr\u00e9cises et mises \u00e0 jour ; toutefois, aucune garantie n\u2019est souscrite \u00e0 cet \u00e9gard par Effective Yellow SAS, qui ne saurait \u00eatre tenue responsable de quelque erreur ou omission que ce soit affectant le contenu du site. Toute communication ou information transmise par l\u2019utilisateur \u00e0 destination du site, que ce soit par courrier \u00e9lectronique ou autrement, contenant des donn\u00e9es, des commentaires ou des suggestions sera consid\u00e9r\u00e9e comme non confidentielle et non couverte par un droit de propri\u00e9t\u00e9 quelconque. Tout \u00e9l\u00e9ment transmis ou adress\u00e9 pourra par cons\u00e9quent \u00eatre utilis\u00e9 par Effective Yellow SAS \u00e0 toutes fins, incluant notamment la reproduction, la divulgation, la transmission, la publication et la diffusion. De plus, Effective Yellow SAS pourra librement exploiter toute id\u00e9e, concept, savoir-faire ou technique inclus dans les communications \u00e9mises vers le site par un utilisateur, et ce \u00e0 toutes fins incluant notamment le d\u00e9veloppement, la fabrication et la commercialisation de produits utilisant l\u2019information concern\u00e9e. Les images de personnes ou de lieux reproduites sur le site sont utilis\u00e9es avec leur autorisation ou celle du ou des titulaires des droits. L\u2019usage de ces images par l\u2019utilisateur, ou toute autre personne, est interdite sous r\u00e9serve de stipulation contraire expresse contenue dans les pr\u00e9sentes Conditions G\u00e9n\u00e9rales ou dans le texte du site. Tout usage non autoris\u00e9 de ces images est susceptible de constituer une violation de la l\u00e9gislation et des r\u00e8glements applicables \u00e0 la propri\u00e9t\u00e9 intellectuelle et artistique et au droit d\u2019auteur, aux marques commerciales, \u00e0 la protection de la vie priv\u00e9e, \u00e0 la publicit\u00e9 et \u00e0 la communication. Les d\u00e9nominations Effective Yellow SAS et Effective Yellow, les logos, slogans et marques enregistr\u00e9es ou non, repr\u00e9sent\u00e9es sur ce site, sont la propri\u00e9t\u00e9 exclusive de Effective Yellow SAS (sauf mention contraire). Toute utilisation, reproduction et \/ou modification qui en serait faite sans l\u2019accord \u00e9crit et pr\u00e9alable de la soci\u00e9t\u00e9 serait susceptible d\u2019en constituer la contrefa\u00e7on. Les marques commerciales, logos et signes distinctifs (ci-apr\u00e8s ensemble, les \u00ab Marques \u00bb) pr\u00e9sent\u00e9s sur ce site sont des Marques d\u00e9pos\u00e9es ou non, appartenant \u00e0 Effective Yellow SAS et \u00e0 d\u2019autres personnes. Aucune mention contenue dans ce site ne saurait \u00eatre interpr\u00e9t\u00e9e comme la d\u00e9volution, sous quelque forme que ce soit, d\u2019une licence ou d\u2019un droit quelconque d\u2019utiliser une ou plusieurs des Marques sans l\u2019autorisation \u00e9crite de son ou ses propri\u00e9taire(s). Toute utilisation des Marques, ou de toute autre information pr\u00e9sent\u00e9e sur le site, non autoris\u00e9e express\u00e9ment par les pr\u00e9sentes Conditions G\u00e9n\u00e9rales, est strictement interdite. La pr\u00e9sentation et le contenu du pr\u00e9sent site constituent, ensemble, une \u0153uvre prot\u00e9g\u00e9e par les lois en vigueur sur la propri\u00e9t\u00e9 intellectuelle, dont Effective Yellow SAS est titulaire. Aucune reproduction et\/ou repr\u00e9sentation, partielle ou int\u00e9grale, ne pourra en \u00eatre faite sans l\u2019accord pr\u00e9alable et \u00e9crit de Effective Yellow SAS. Engagement de l\u2019utilisateur et conditions d\u2019utilisation du site Toute personne consultant ce site est r\u00e9put\u00e9e avoir accept\u00e9 sans r\u00e9serve les pr\u00e9sentes conditions. Effective Yellow SAS pr\u00e9vient qu\u2019elle fera respecter ses droits d\u2019auteur, de propri\u00e9t\u00e9 intellectuelle et artistique, par tous les moyens l\u00e9gaux \u00e0 sa disposition, y compris par la voie judiciaire. Effective Yellow SAS n\u2019a pas v\u00e9rifi\u00e9 l\u2019ensemble des sites internet reli\u00e9s \u00e0 ce site et ne saurait \u00eatre tenu responsable de leur contenu. L\u2019acc\u00e8s de l\u2019utilisateur aux pages ext\u00e9rieures \u00e0 ce site ou \u00e0 tout autre site s\u2019effectue sous sa seule responsabilit\u00e9. Effective Yellow SAS met tout en \u0153uvre pour offrir aux utilisateurs de ce site des informations, informations et outils disponibles et conformes \u00e0 la r\u00e9glementation. Cependant la soci\u00e9t\u00e9 Effective Yellow ne saurait \u00eatre tenue pour responsable d\u2019une absence de disponibilit\u00e9 du site ou de la pr\u00e9sente \u00e0 son insu d\u2019un virus ou de tout autre programme malveillant. Le logiciel de ce site peut \u00eatre soumis \u00e0 l\u2019application des lois et r\u00e8glements fran\u00e7ais, am\u00e9ricains ou \u00e9dict\u00e9s par d\u2019autres \u00e9tats, relatifs \u00e0 la r\u00e9glementation des exportations. Il incombe \u00e0 l\u2019utilisateur de v\u00e9rifier les lois et r\u00e9glementations qui lui sont applicables avant de recopier ou d\u2019exporter toute donn\u00e9e de ce site. Effective Yellow SAS se r\u00e9serve le droit de modifier et mettre \u00e0 jour \u00e0 tout moment les pr\u00e9sentes Conditions G\u00e9n\u00e9rales. Ces modifications et mises \u00e0 jour<\/p>","protected":false},"author":1,"featured_media":0,"parent":0,"menu_order":0,"comment_status":"closed","ping_status":"closed","template":"elementor_canvas","meta":{"footnotes":""},"class_list":["post-184","page","type-page","status-publish","hentry"],"acf":[],"_links":{"self":[{"href":"https:\/\/www.effectiveyellow.com\/en\/wp-json\/wp\/v2\/pages\/184","targetHints":{"allow":["GET"]}}],"collection":[{"href":"https:\/\/www.effectiveyellow.com\/en\/wp-json\/wp\/v2\/pages"}],"about":[{"href":"https:\/\/www.effectiveyellow.com\/en\/wp-json\/wp\/v2\/types\/page"}],"author":[{"embeddable":true,"href":"https:\/\/www.effectiveyellow.com\/en\/wp-json\/wp\/v2\/users\/1"}],"replies":[{"embeddable":true,"href":"https:\/\/www.effectiveyellow.com\/en\/wp-json\/wp\/v2\/comments?post=184"}],"version-history":[{"count":79,"href":"https:\/\/www.effectiveyellow.com\/en\/wp-json\/wp\/v2\/pages\/184\/revisions"}],"predecessor-version":[{"id":3958,"href":"https:\/\/www.effectiveyellow.com\/en\/wp-json\/wp\/v2\/pages\/184\/revisions\/3958"}],"wp:attachment":[{"href":"https:\/\/www.effectiveyellow.com\/en\/wp-json\/wp\/v2\/media?parent=184"}],"curies":[{"name":"wp","href":"https:\/\/api.w.org\/{rel}","templated":true}]}}