{"id":2240,"date":"2023-09-27T22:31:00","date_gmt":"2023-09-27T20:31:00","guid":{"rendered":"https:\/\/www.effectiveyellow.com\/?page_id=2240"},"modified":"2024-02-22T12:06:32","modified_gmt":"2024-02-22T11:06:32","slug":"blog","status":"publish","type":"page","link":"https:\/\/www.effectiveyellow.com\/en\/blog\/","title":{"rendered":"Blog"},"content":{"rendered":"\t\t<div data-elementor-type=\"wp-page\" data-elementor-id=\"2240\" class=\"elementor elementor-2240\">\n\t\t\t\t\t\t<section class=\"elementor-section elementor-top-section elementor-element elementor-element-ef2ed85 elementor-section-boxed elementor-section-height-default elementor-section-height-default wpr-particle-no wpr-jarallax-no wpr-parallax-no wpr-sticky-section-no wpr-equal-height-no\" data-id=\"ef2ed85\" data-element_type=\"section\" data-e-type=\"section\" data-settings=\"{&quot;background_background&quot;:&quot;classic&quot;,&quot;shape_divider_bottom&quot;:&quot;triangle-asymmetrical&quot;,&quot;shape_divider_bottom_negative&quot;:&quot;yes&quot;}\">\n\t\t\t\t\t<div class=\"elementor-shape elementor-shape-bottom\" aria-hidden=\"true\" data-negative=\"true\">\n\t\t\t<svg xmlns=\"http:\/\/www.w3.org\/2000\/svg\" viewBox=\"0 0 1000 100\" preserveAspectRatio=\"none\">\n\t<path class=\"elementor-shape-fill\" d=\"M737.9,94.7L0,0v100h1000V0L737.9,94.7z\"\/>\n<\/svg>\t\t<\/div>\n\t\t\t\t\t<div class=\"elementor-container elementor-column-gap-default\">\n\t\t\t\t\t<div class=\"elementor-column elementor-col-100 elementor-top-column elementor-element elementor-element-e32f7f2\" data-id=\"e32f7f2\" data-element_type=\"column\" data-e-type=\"column\">\n\t\t\t<div class=\"elementor-widget-wrap elementor-element-populated\">\n\t\t\t\t\t\t<div class=\"elementor-element elementor-element-a187848 elementor-widget elementor-widget-heading\" data-id=\"a187848\" data-element_type=\"widget\" data-e-type=\"widget\" data-widget_type=\"heading.default\">\n\t\t\t\t<div class=\"elementor-widget-container\">\n\t\t\t\t\t<h2 class=\"elementor-heading-title elementor-size-default\">Blog<\/h2>\t\t\t\t<\/div>\n\t\t\t\t<\/div>\n\t\t\t\t<div class=\"elementor-element elementor-element-886d11c elementor-widget-divider--view-line elementor-widget elementor-widget-divider\" data-id=\"886d11c\" data-element_type=\"widget\" data-e-type=\"widget\" data-widget_type=\"divider.default\">\n\t\t\t\t<div class=\"elementor-widget-container\">\n\t\t\t\t\t\t\t<div class=\"elementor-divider\">\n\t\t\t<span class=\"elementor-divider-separator\">\n\t\t\t\t\t\t<\/span>\n\t\t<\/div>\n\t\t\t\t\t\t<\/div>\n\t\t\t\t<\/div>\n\t\t\t\t<div class=\"elementor-element elementor-element-0c1465a elementor-widget elementor-widget-text-editor\" data-id=\"0c1465a\" data-element_type=\"widget\" data-e-type=\"widget\" data-widget_type=\"text-editor.default\">\n\t\t\t\t<div class=\"elementor-widget-container\">\n\t\t\t\t\t\t\t\t\t<p>Les associ\u00e9s Effective Yellow et leurs clients sont actifs sur le web\u2026<\/p>\t\t\t\t\t\t\t\t<\/div>\n\t\t\t\t<\/div>\n\t\t\t\t<div class=\"elementor-element elementor-element-2320bed elementor-button-success elementor-align-center elementor-widget elementor-widget-button\" data-id=\"2320bed\" data-element_type=\"widget\" data-e-type=\"widget\" data-widget_type=\"button.default\">\n\t\t\t\t<div class=\"elementor-widget-container\">\n\t\t\t\t\t\t\t\t\t<div class=\"elementor-button-wrapper\">\n\t\t\t\t\t<a class=\"elementor-button elementor-button-link elementor-size-md\" href=\"https:\/\/www.ringover.me\/EU_X6dIdNHCeDWq58w\">\n\t\t\t\t\t\t<span class=\"elementor-button-content-wrapper\">\n\t\t\t\t\t\t<span class=\"elementor-button-icon\">\n\t\t\t\t<i aria-hidden=\"true\" class=\"fas fa-hand-pointer\"><\/i>\t\t\t<\/span>\n\t\t\t\t\t\t\t\t\t<span class=\"elementor-button-text\">Appel Web - Clic to Call<\/span>\n\t\t\t\t\t<\/span>\n\t\t\t\t\t<\/a>\n\t\t\t\t<\/div>\n\t\t\t\t\t\t\t\t<\/div>\n\t\t\t\t<\/div>\n\t\t\t\t\t<\/div>\n\t\t<\/div>\n\t\t\t\t\t<\/div>\n\t\t<\/section>\n\t\t\t\t<section class=\"elementor-section elementor-top-section elementor-element elementor-element-996e29f elementor-section-boxed elementor-section-height-default elementor-section-height-default wpr-particle-no wpr-jarallax-no wpr-parallax-no wpr-sticky-section-no wpr-equal-height-no\" data-id=\"996e29f\" data-element_type=\"section\" data-e-type=\"section\">\n\t\t\t\t\t\t<div class=\"elementor-container elementor-column-gap-default\">\n\t\t\t\t\t<div class=\"elementor-column elementor-col-100 elementor-top-column elementor-element elementor-element-847cc81\" data-id=\"847cc81\" data-element_type=\"column\" data-e-type=\"column\">\n\t\t\t<div class=\"elementor-widget-wrap elementor-element-populated\">\n\t\t\t\t\t\t<div class=\"elementor-element elementor-element-96c4425 animated-slow wpr-grid-columns-3 wpr-grid-columns--tablet2 wpr-grid-columns--mobile1 wpr-grid-pagination-center wpr-item-styles-inner elementor-invisible elementor-widget elementor-widget-wpr-grid\" data-id=\"96c4425\" data-element_type=\"widget\" data-e-type=\"widget\" data-settings=\"{&quot;_animation&quot;:&quot;zoomIn&quot;}\" data-widget_type=\"wpr-grid.default\">\n\t\t\t\t<div class=\"elementor-widget-container\">\n\t\t\t\t\t<ul class=\"wpr-grid-filters elementor-clearfix wpr-grid-filters-sep-right\"><li class=\" wpr-pointer-none wpr-pointer-line-fx wpr-pointer-fx-fade\"><span  data-filter=\"*\" class=\"wpr-grid-filters-item wpr-active-filter \"><i class=\" wpr-grid-filters-icon-left\"><\/i>Tous<\/span><em class=\"wpr-grid-filters-sep\"><\/em><\/li><li class=\" wpr-pointer-none wpr-pointer-line-fx wpr-pointer-fx-fade\"><span   data-ajax-filter=[\"category\",\"cybersecurite\"]  data-filter=\".category-cybersecurite\"><i class=\" wpr-grid-filters-icon-left\"><\/i>Cybers\u00e9curit\u00e9<\/span><em class=\"wpr-grid-filters-sep\"><\/em><\/li><li class=\" wpr-pointer-none wpr-pointer-line-fx wpr-pointer-fx-fade\"><span   data-ajax-filter=[\"category\",\"hacking\"]  data-filter=\".category-hacking\"><i class=\" wpr-grid-filters-icon-left\"><\/i>Hacking<\/span><em class=\"wpr-grid-filters-sep\"><\/em><\/li><li class=\" wpr-pointer-none wpr-pointer-line-fx wpr-pointer-fx-fade\"><span   data-ajax-filter=[\"category\",\"ia\"]  data-filter=\".category-ia\"><i class=\" wpr-grid-filters-icon-left\"><\/i>IA<\/span><em class=\"wpr-grid-filters-sep\"><\/em><\/li><li class=\" wpr-pointer-none wpr-pointer-line-fx wpr-pointer-fx-fade\"><span   data-ajax-filter=[\"category\",\"intelligence-economique\"]  data-filter=\".category-intelligence-economique\"><i class=\" wpr-grid-filters-icon-left\"><\/i>IE<\/span><em class=\"wpr-grid-filters-sep\"><\/em><\/li><li class=\" wpr-pointer-none wpr-pointer-line-fx wpr-pointer-fx-fade\"><span   data-ajax-filter=[\"category\",\"iso-22301\"]  data-filter=\".category-iso-22301\"><i class=\" wpr-grid-filters-icon-left\"><\/i>ISO 22301<\/span><em class=\"wpr-grid-filters-sep\"><\/em><\/li><li class=\" wpr-pointer-none wpr-pointer-line-fx wpr-pointer-fx-fade\"><span   data-ajax-filter=[\"category\",\"iso-27001\"]  data-filter=\".category-iso-27001\"><i class=\" wpr-grid-filters-icon-left\"><\/i>ISO 27001<\/span><em class=\"wpr-grid-filters-sep\"><\/em><\/li><li class=\" wpr-pointer-none wpr-pointer-line-fx wpr-pointer-fx-fade\"><span   data-ajax-filter=[\"category\",\"iso-9001\"]  data-filter=\".category-iso-9001\"><i class=\" wpr-grid-filters-icon-left\"><\/i>ISO 9001<\/span><em class=\"wpr-grid-filters-sep\"><\/em><\/li><li class=\" wpr-pointer-none wpr-pointer-line-fx wpr-pointer-fx-fade\"><span   data-ajax-filter=[\"category\",\"non-classe\"]  data-filter=\".category-non-classe\"><i class=\" wpr-grid-filters-icon-left\"><\/i>Non class\u00e9<\/span><em class=\"wpr-grid-filters-sep\"><\/em><\/li><li class=\" wpr-pointer-none wpr-pointer-line-fx wpr-pointer-fx-fade\"><span   data-ajax-filter=[\"category\",\"rgpd\"]  data-filter=\".category-rgpd\"><i class=\" wpr-grid-filters-icon-left\"><\/i>RGPD<\/span><em class=\"wpr-grid-filters-sep\"><\/em><\/li><li class=\" wpr-pointer-none wpr-pointer-line-fx wpr-pointer-fx-fade\"><span   data-ajax-filter=[\"category\",\"surete-securite\"]  data-filter=\".category-surete-securite\"><i class=\" wpr-grid-filters-icon-left\"><\/i>Suret\u00e9 S\u00e9curit\u00e9<\/span><em class=\"wpr-grid-filters-sep\"><\/em><\/li><\/ul><section class=\"wpr-grid elementor-clearfix\" data-settings=\"{&quot;layout&quot;:&quot;masonry&quot;,&quot;stick_last_element_to_bottom&quot;:&quot;no&quot;,&quot;columns_desktop&quot;:3,&quot;gutter_hr&quot;:15,&quot;gutter_hr_mobile&quot;:15,&quot;gutter_hr_mobile_extra&quot;:15,&quot;gutter_hr_tablet&quot;:15,&quot;gutter_hr_tablet_extra&quot;:15,&quot;gutter_hr_laptop&quot;:15,&quot;gutter_hr_widescreen&quot;:15,&quot;gutter_vr&quot;:33,&quot;gutter_vr_mobile&quot;:33,&quot;gutter_vr_mobile_extra&quot;:33,&quot;gutter_vr_tablet&quot;:33,&quot;gutter_vr_tablet_extra&quot;:33,&quot;gutter_vr_laptop&quot;:33,&quot;gutter_vr_widescreen&quot;:33,&quot;animation&quot;:&quot;default&quot;,&quot;animation_duration&quot;:0.3,&quot;animation_delay&quot;:0.1,&quot;deeplinking&quot;:&quot;no&quot;,&quot;filters_linkable&quot;:&quot;no&quot;,&quot;filters_default_filter&quot;:&quot;&quot;,&quot;filters_count&quot;:&quot;no&quot;,&quot;filters_hide_empty&quot;:&quot;no&quot;,&quot;filters_animation&quot;:&quot;default&quot;,&quot;filters_animation_duration&quot;:0.3,&quot;filters_animation_delay&quot;:0.1,&quot;pagination_type&quot;:&quot;load-more&quot;,&quot;pagination_max_pages&quot;:1,&quot;lightbox&quot;:{&quot;selector&quot;:&quot;.wpr-grid-image-wrap&quot;,&quot;iframeMaxWidth&quot;:&quot;60%&quot;,&quot;hash&quot;:false,&quot;autoplay&quot;:&quot;true&quot;,&quot;pause&quot;:5000,&quot;progressBar&quot;:&quot;true&quot;,&quot;counter&quot;:&quot;true&quot;,&quot;controls&quot;:&quot;true&quot;,&quot;getCaptionFromTitleOrAlt&quot;:&quot;true&quot;,&quot;thumbnail&quot;:&quot;true&quot;,&quot;showThumbByDefault&quot;:&quot;true&quot;,&quot;share&quot;:&quot;true&quot;,&quot;zoom&quot;:&quot;true&quot;,&quot;fullScreen&quot;:&quot;true&quot;,&quot;download&quot;:&quot;true&quot;}}\" data-advanced-filters=\"no\"><article class=\"wpr-grid-item elementor-clearfix post-4345 post type-post status-publish format-standard has-post-thumbnail hentry category-cybersecurite category-hacking category-iso-22301 category-iso-27001 category-iso-9001 category-rgpd\"><div class=\"wpr-grid-item-inner\"><div class=\"wpr-grid-media-wrap wpr-effect-size-medium \" data-overlay-link=\"yes\"><div class=\"wpr-grid-image-wrap\" data-src=\"https:\/\/www.effectiveyellow.com\/wp-content\/uploads\/2025\/01\/2025_EFFECTIVE_YELLOW_STRAT_COLOR-removebg.png\" data-img-on-hover=\"\"  data-src-secondary=\"\"><img decoding=\"async\" data-no-lazy=\"1\" src=\"https:\/\/www.effectiveyellow.com\/wp-content\/uploads\/2025\/01\/2025_EFFECTIVE_YELLOW_STRAT_COLOR-removebg.png\" alt=\"Nouveau site web en construction&#8230;\" class=\"wpr-anim-timing-ease-default\"><\/div><div class=\"wpr-grid-media-hover wpr-animation-wrap\"><div class=\"wpr-grid-media-hover-bg  wpr-overlay-fade-in wpr-anim-size-large wpr-anim-timing-ease-default wpr-anim-transparency\" data-url=\"https:\/\/www.effectiveyellow.com\/en\/nouveau-site-web-en-construction\/\"><\/div><\/div><\/div><div class=\"wpr-grid-item-below-content elementor-clearfix\"><h2 class=\"wpr-grid-item-title elementor-repeater-item-b98ea4e wpr-grid-item-display-block wpr-grid-item-align-left wpr-pointer-none wpr-pointer-line-fx wpr-pointer-fx-slide\"><div class=\"inner-block\"><a target=\"_self\"  href=\"https:\/\/www.effectiveyellow.com\/en\/nouveau-site-web-en-construction\/\">Nouveau site web en construction&#8230;<\/a><\/div><\/h2><div class=\"wpr-grid-item-date elementor-repeater-item-f45479b wpr-grid-item-display-inline wpr-grid-item-align-left\"><div class=\"inner-block\"><span>11 March 2025<\/span><\/div><\/div><div class=\"wpr-grid-item-read-more elementor-repeater-item-a7d0b9c wpr-grid-item-display-block wpr-grid-item-align-left\"><div class=\"inner-block\"><a target=\"_self\" href=\"https:\/\/www.effectiveyellow.com\/en\/nouveau-site-web-en-construction\/\" class=\"wpr-button-effect wpr-button-none\"><span>Voir +<\/span><\/a><\/div><\/div><\/div><\/div><\/article><\/section>\t\t\t\t<\/div>\n\t\t\t\t<\/div>\n\t\t\t\t\t<\/div>\n\t\t<\/div>\n\t\t\t\t\t<\/div>\n\t\t<\/section>\n\t\t\t\t<section class=\"elementor-section elementor-top-section elementor-element elementor-element-0a143cc elementor-section-boxed elementor-section-height-default elementor-section-height-default wpr-particle-no wpr-jarallax-no wpr-parallax-no wpr-sticky-section-no wpr-equal-height-no\" data-id=\"0a143cc\" data-element_type=\"section\" data-e-type=\"section\">\n\t\t\t\t\t\t<div class=\"elementor-container elementor-column-gap-default\">\n\t\t\t\t\t<div class=\"elementor-column elementor-col-100 elementor-top-column elementor-element elementor-element-c6122a2\" data-id=\"c6122a2\" data-element_type=\"column\" data-e-type=\"column\">\n\t\t\t<div class=\"elementor-widget-wrap\">\n\t\t\t\t\t\t\t<\/div>\n\t\t<\/div>\n\t\t\t\t\t<\/div>\n\t\t<\/section>\n\t\t\t\t<\/div>\n\t\t","protected":false},"excerpt":{"rendered":"<p>Blog Les associ\u00e9s Effective Yellow et leurs clients sont actifs sur le web\u2026 Appel Web &#8211; Clic to Call Tous Cybers\u00e9curit\u00e9 Il \u00e9tait une fois\u2026 Effective Yellow 9 octobre 2023 En direct du Salon Ready for IT 2023, \u00e0 Monaco. En savoir plus Lien vers le post Linkedin Voir + S\u00e9curiser l&rsquo;information, les syst\u00e8mes, les ressources humaines ? 27 septembre 2023 On parle souvent d\u2019IT, d\u2019OT, d\u2019IoT etc avec mentions sp\u00e9ciales \u00ab DICTP \u00bb en s\u00e9curit\u00e9 de l\u2019information, et c\u2019est fondateur. Il reste qu\u2019en s\u00e9curit\u00e9 comme en continuit\u00e9 les syst\u00e8mes doivent aussi \u00eatre\u2026 Voir + En direct de Monaco, Ready for IT 27 septembre 2023 En direct du Salon Ready for IT 2023, \u00e0 Monaco. En savoir plus Lien vers le post Linkedin Voir + Marty flash-back : en 2016, les premiers pas d&rsquo;Effective Yellow en Soir\u00e9e Grand Opening ! 27 septembre 2023 En 2016, Effective Yellow \u00e9tait d\u00e9j\u00e0 remarqu\u00e9e en soir\u00e9e French Tech Grand Opening by Medinsoft, cluster de la transformation digitale des entreprises et des collectivit\u00e9s territoriales ! Merci \u00e0\u00a0St\u00e9phane SALORD ! https:\/\/www.youtube.com\/watch?v=eTmdzI0iCjg Voir +<\/p>","protected":false},"author":1,"featured_media":0,"parent":0,"menu_order":0,"comment_status":"closed","ping_status":"closed","template":"elementor_canvas","meta":{"footnotes":""},"class_list":["post-2240","page","type-page","status-publish","hentry"],"acf":[],"_links":{"self":[{"href":"https:\/\/www.effectiveyellow.com\/en\/wp-json\/wp\/v2\/pages\/2240","targetHints":{"allow":["GET"]}}],"collection":[{"href":"https:\/\/www.effectiveyellow.com\/en\/wp-json\/wp\/v2\/pages"}],"about":[{"href":"https:\/\/www.effectiveyellow.com\/en\/wp-json\/wp\/v2\/types\/page"}],"author":[{"embeddable":true,"href":"https:\/\/www.effectiveyellow.com\/en\/wp-json\/wp\/v2\/users\/1"}],"replies":[{"embeddable":true,"href":"https:\/\/www.effectiveyellow.com\/en\/wp-json\/wp\/v2\/comments?post=2240"}],"version-history":[{"count":55,"href":"https:\/\/www.effectiveyellow.com\/en\/wp-json\/wp\/v2\/pages\/2240\/revisions"}],"predecessor-version":[{"id":4088,"href":"https:\/\/www.effectiveyellow.com\/en\/wp-json\/wp\/v2\/pages\/2240\/revisions\/4088"}],"wp:attachment":[{"href":"https:\/\/www.effectiveyellow.com\/en\/wp-json\/wp\/v2\/media?parent=2240"}],"curies":[{"name":"wp","href":"https:\/\/api.w.org\/{rel}","templated":true}]}}